{"id":306,"date":"2025-02-03T06:06:33","date_gmt":"2025-02-03T11:06:33","guid":{"rendered":"https:\/\/ltmidas.com\/home\/?page_id=306"},"modified":"2025-02-03T06:28:30","modified_gmt":"2025-02-03T11:28:30","slug":"para-tus-eventos","status":"publish","type":"page","link":"https:\/\/ltmidas.com\/home\/para-tus-eventos\/","title":{"rendered":"Para tus eventos"},"content":{"rendered":"\n<p>Si buscas el mejor entretenimiento musical para tus eventos, tenemos opciones que se ajustan  a tu presupuesto. Piensa en tu evento como si fuera una pieza de vestir que usualmente vienen en tres tama\u00f1os: Small, Medium y Large.<\/p>\n\n\n\n<p><strong>Small<\/strong>: Es el paquete para eventos peque\u00f1os en salones de hotel, restaurantes e inclusive en tu casa. Para este tipo de eventos te presentamos Ensamble Latino.<\/p>\n\n\n\n<div class=\"wp-block-media-text is-stacked-on-mobile\" style=\"grid-template-columns:38% auto\"><figure class=\"wp-block-media-text__media\"><img loading=\"lazy\" decoding=\"async\" width=\"1024\" height=\"1024\" src=\"https:\/\/ltmidas.com\/wp-content\/uploads\/2025\/02\/Ensamble-Latino-logo.jpeg\" alt=\"\" class=\"wp-image-307 size-full\" srcset=\"https:\/\/ltmidas.com\/wp-content\/uploads\/2025\/02\/Ensamble-Latino-logo.jpeg 1024w, https:\/\/ltmidas.com\/wp-content\/uploads\/2025\/02\/Ensamble-Latino-logo-300x300.jpeg 300w, https:\/\/ltmidas.com\/wp-content\/uploads\/2025\/02\/Ensamble-Latino-logo-150x150.jpeg 150w, https:\/\/ltmidas.com\/wp-content\/uploads\/2025\/02\/Ensamble-Latino-logo-768x768.jpeg 768w, https:\/\/ltmidas.com\/wp-content\/uploads\/2025\/02\/Ensamble-Latino-logo-324x324.jpeg 324w, https:\/\/ltmidas.com\/wp-content\/uploads\/2025\/02\/Ensamble-Latino-logo-416x416.jpeg 416w, https:\/\/ltmidas.com\/wp-content\/uploads\/2025\/02\/Ensamble-Latino-logo-100x100.jpeg 100w\" sizes=\"auto, (max-width: 1024px) 100vw, 1024px\" \/><\/figure><div class=\"wp-block-media-text__content\">\n<p><strong>Ensamble Latino<\/strong> es un grupo peque\u00f1o pero con un gran sonido. Este formato consta de 3 a 4 m\u00fasicos manejando un repertorio de salsa, merengue, pop y rock.<\/p>\n\n\n\n<p>Cuenta con equipo propio para cubrir \u00e1reas peque\u00f1as y medianas por lo que es una excelente opci\u00f3n y bastante econ\u00f3mica<\/p>\n<\/div><\/div>\n\n\n\n<p><\/p>\n\n\n\n<p>Medium: Es el paquete intermedio para eventos donde quieres tener m\u00fasicos full en vivo. Ideal para salas de baile, casinos, fiestas privadas en \u00e1reas medianas o grandes.<\/p>\n\n\n\n<div class=\"wp-block-media-text is-stacked-on-mobile\" style=\"grid-template-columns:38% auto\"><figure class=\"wp-block-media-text__media\"><img loading=\"lazy\" decoding=\"async\" width=\"1024\" height=\"1024\" src=\"https:\/\/ltmidas.com\/wp-content\/uploads\/2025\/02\/01-01-2025-6TETO-LATINO-COMP-1024x1024.jpg\" alt=\"Sexteto Latino\" class=\"wp-image-308 size-full\" srcset=\"https:\/\/ltmidas.com\/wp-content\/uploads\/2025\/02\/01-01-2025-6TETO-LATINO-COMP-1024x1024.jpg 1024w, https:\/\/ltmidas.com\/wp-content\/uploads\/2025\/02\/01-01-2025-6TETO-LATINO-COMP-300x300.jpg 300w, https:\/\/ltmidas.com\/wp-content\/uploads\/2025\/02\/01-01-2025-6TETO-LATINO-COMP-150x150.jpg 150w, https:\/\/ltmidas.com\/wp-content\/uploads\/2025\/02\/01-01-2025-6TETO-LATINO-COMP-768x768.jpg 768w, https:\/\/ltmidas.com\/wp-content\/uploads\/2025\/02\/01-01-2025-6TETO-LATINO-COMP-1536x1536.jpg 1536w, https:\/\/ltmidas.com\/wp-content\/uploads\/2025\/02\/01-01-2025-6TETO-LATINO-COMP-324x324.jpg 324w, https:\/\/ltmidas.com\/wp-content\/uploads\/2025\/02\/01-01-2025-6TETO-LATINO-COMP-416x416.jpg 416w, https:\/\/ltmidas.com\/wp-content\/uploads\/2025\/02\/01-01-2025-6TETO-LATINO-COMP-100x100.jpg 100w, https:\/\/ltmidas.com\/wp-content\/uploads\/2025\/02\/01-01-2025-6TETO-LATINO-COMP.jpg 1920w\" sizes=\"auto, (max-width: 1024px) 100vw, 1024px\" \/><\/figure><div class=\"wp-block-media-text__content\">\n<p>El <strong>Sexteto Latino<\/strong> es un grupo mediano que presenta m\u00fasica de salsa bailable en vivo. El formato permite manejar repertorio de exitos y cl\u00e1sicos del catalogo salsero.<\/p>\n\n\n\n<p>Diversi\u00f3n Garantizada<\/p>\n\n\n\n<p>IG: @sextetolatinomusic<\/p>\n<\/div><\/div>\n\n\n\n<p><\/p>\n\n\n\n<p>Large: Es el paquete full extras para eventos bailable en salones grandes, fiestas privadas en ubicaciones de alto volumen de personas.<\/p>\n\n\n\n<div class=\"wp-block-media-text is-stacked-on-mobile\" style=\"grid-template-columns:38% auto\"><figure class=\"wp-block-media-text__media\"><img loading=\"lazy\" decoding=\"async\" width=\"1024\" height=\"1024\" src=\"https:\/\/ltmidas.com\/wp-content\/uploads\/2025\/02\/Yare-Foto-y-Logo-1024x1024.png\" alt=\"\" class=\"wp-image-310 size-full\" srcset=\"https:\/\/ltmidas.com\/wp-content\/uploads\/2025\/02\/Yare-Foto-y-Logo-1024x1024.png 1024w, https:\/\/ltmidas.com\/wp-content\/uploads\/2025\/02\/Yare-Foto-y-Logo-300x300.png 300w, https:\/\/ltmidas.com\/wp-content\/uploads\/2025\/02\/Yare-Foto-y-Logo-150x150.png 150w, https:\/\/ltmidas.com\/wp-content\/uploads\/2025\/02\/Yare-Foto-y-Logo-768x768.png 768w, https:\/\/ltmidas.com\/wp-content\/uploads\/2025\/02\/Yare-Foto-y-Logo-1536x1536.png 1536w, https:\/\/ltmidas.com\/wp-content\/uploads\/2025\/02\/Yare-Foto-y-Logo-2048x2048.png 2048w, https:\/\/ltmidas.com\/wp-content\/uploads\/2025\/02\/Yare-Foto-y-Logo-324x324.png 324w, https:\/\/ltmidas.com\/wp-content\/uploads\/2025\/02\/Yare-Foto-y-Logo-416x416.png 416w, https:\/\/ltmidas.com\/wp-content\/uploads\/2025\/02\/Yare-Foto-y-Logo-100x100.png 100w\" sizes=\"auto, (max-width: 1024px) 100vw, 1024px\" \/><\/figure><div class=\"wp-block-media-text__content\">\n<p>La <strong>Orquesta Yar\u00e9<\/strong> es una agrupaci\u00f3n con una trayectoria de m\u00e1s de 20 a\u00f1os presentandose en las m\u00e1s prestigiosas salas de baile de Panam\u00e1. Cuenta con dos \u00e1lbumes y varios sencillos disponibles en todas las plataformas digitales.<\/p>\n\n\n\n<p>La Orquesta Yar\u00e9 maneja un repertorio de cover de salsa clasica combinado con temas propios que te garantizan la diversi\u00f3n de todos los asistentes a tu evento.<\/p>\n\n\n\n<p>IG: @orquestayare<\/p>\n<\/div><\/div>\n\n\n\n<p>Escr\u00edbenos y cu\u00e9ntanos sobre tu evento o si ya sabes que  grupo te gustar\u00eda para hacerte llegar una propuesta, sin compromiso.<\/p>\n\n\n<div class=\"wpforms-container wpforms-container-full wpforms-block wpforms-block-27e2f561-e7c5-4e5f-8d28-06584797f588 wpforms-render-modern\" id=\"wpforms-318\"><form id=\"wpforms-form-318\" class=\"wpforms-validate wpforms-form wpforms-ajax-form\" data-formid=\"318\" method=\"post\" enctype=\"multipart\/form-data\" action=\"\/home\/wp-json\/wp\/v2\/pages\/306\" data-token=\"1e77e978b9686ffbe894e9880a9337fc\" data-token-time=\"1778672896\"><noscript class=\"wpforms-error-noscript\">Please enable JavaScript in your browser to complete this form.<\/noscript><div id=\"wpforms-error-noscript\" style=\"display: none;\">Please enable JavaScript in your browser to complete this form.<\/div><div class=\"wpforms-field-container\">\t\t<div id=\"wpforms-318-field_5-container\"\n\t\t\tclass=\"wpforms-field wpforms-field-text\"\n\t\t\tdata-field-type=\"text\"\n\t\t\tdata-field-id=\"5\"\n\t\t\t>\n\t\t\t<label class=\"wpforms-field-label\" for=\"wpforms-318-field_5\" >para Nombre le<\/label>\n\t\t\t<input type=\"text\" id=\"wpforms-318-field_5\" class=\"wpforms-field-medium\" name=\"wpforms[fields][5]\" >\n\t\t<\/div>\n\t\t<div id=\"wpforms-318-field_1-container\" class=\"wpforms-field wpforms-field-name\" data-field-id=\"1\"><label class=\"wpforms-field-label\" for=\"wpforms-318-field_1\">Nombre <span class=\"wpforms-required-label\" aria-hidden=\"true\">*<\/span><\/label><input type=\"text\" id=\"wpforms-318-field_1\" class=\"wpforms-field-medium wpforms-field-required\" name=\"wpforms[fields][1]\" aria-errormessage=\"wpforms-318-field_1-error\" required><\/div><div id=\"wpforms-318-field_2-container\" class=\"wpforms-field wpforms-field-email\" data-field-id=\"2\"><label class=\"wpforms-field-label\" for=\"wpforms-318-field_2\">Email <span class=\"wpforms-required-label\" aria-hidden=\"true\">*<\/span><\/label><input type=\"email\" id=\"wpforms-318-field_2\" class=\"wpforms-field-medium wpforms-field-required\" name=\"wpforms[fields][2]\" spellcheck=\"false\" aria-errormessage=\"wpforms-318-field_2-error\" required><\/div><div id=\"wpforms-318-field_3-container\" class=\"wpforms-field wpforms-field-select wpforms-field-select-style-classic\" data-field-id=\"3\"><label class=\"wpforms-field-label\" for=\"wpforms-318-field_3\">Grupo que le interesa para su evento<\/label><select id=\"wpforms-318-field_3\" class=\"wpforms-field-medium\" name=\"wpforms[fields][3]\"><option value=\"Ensamble Latino\"  class=\"choice-1 depth-1\"  >Ensamble Latino<\/option><option value=\"Sexteto Latino\"  class=\"choice-2 depth-1\"  >Sexteto Latino<\/option><option value=\"Orquesta Yar\u00e9\"  class=\"choice-3 depth-1\"  >Orquesta Yar\u00e9<\/option><\/select><div id=\"wpforms-318-field_3-description\" class=\"wpforms-field-description\">Elija en base al tama\u00f1o de su evento<\/div><\/div><div id=\"wpforms-318-field_4-container\" class=\"wpforms-field wpforms-field-textarea\" data-field-id=\"4\"><label class=\"wpforms-field-label\" for=\"wpforms-318-field_4\">Datos sobre su evento<\/label><textarea id=\"wpforms-318-field_4\" class=\"wpforms-field-medium\" name=\"wpforms[fields][4]\" aria-errormessage=\"wpforms-318-field_4-error\" aria-describedby=\"wpforms-318-field_4-description\" ><\/textarea><div id=\"wpforms-318-field_4-description\" class=\"wpforms-field-description\">Por favor denos la informaci\u00f3n que considera importante sobre su evento, por ejemplo fecha, lugar, es al aire libre o en interiores, etc.<\/div><\/div><script>\n\t\t\t\t( function() {\n\t\t\t\t\tconst style = document.createElement( 'style' );\n\t\t\t\t\tstyle.appendChild( document.createTextNode( '#wpforms-318-field_5-container { position: absolute !important; overflow: hidden !important; display: inline !important; height: 1px !important; width: 1px !important; z-index: -1000 !important; padding: 0 !important; } #wpforms-318-field_5-container input { visibility: hidden; } #wpforms-conversational-form-page #wpforms-318-field_5-container label { counter-increment: none; }' ) );\n\t\t\t\t\tdocument.head.appendChild( style );\n\t\t\t\t\tdocument.currentScript?.remove();\n\t\t\t\t} )();\n\t\t\t<\/script><\/div><!-- .wpforms-field-container --><div class=\"wpforms-submit-container\" ><input type=\"hidden\" name=\"wpforms[id]\" value=\"318\"><input type=\"hidden\" name=\"page_title\" value=\"\"><input type=\"hidden\" name=\"page_url\" value=\"https:\/\/ltmidas.com\/home\/wp-json\/wp\/v2\/pages\/306\"><input type=\"hidden\" name=\"url_referer\" value=\"\"><button type=\"submit\" name=\"wpforms[submit]\" id=\"wpforms-submit-318\" class=\"wpforms-submit\" data-alt-text=\"Sending...\" data-submit-text=\"Submit\" aria-live=\"assertive\" value=\"wpforms-submit\">Submit<\/button><img loading=\"lazy\" decoding=\"async\" src=\"https:\/\/ltmidas.com\/wp-content\/plugins\/wpforms-lite\/assets\/images\/submit-spin.svg\" class=\"wpforms-submit-spinner\" style=\"display: none;\" width=\"26\" height=\"26\" alt=\"Loading\"><\/div><\/form><\/div>  <!-- .wpforms-container -->","protected":false},"excerpt":{"rendered":"<p>Si buscas el mejor entretenimiento musical para tus eventos, tenemos opciones que se ajustan a tu presupuesto. Piensa en tu evento como si fuera una pieza de vestir que usualmente vienen en tres tama\u00f1os: Small, Medium y Large. Small: Es el paquete para eventos peque\u00f1os en salones de hotel, restaurantes e inclusive en tu casa. [&hellip;]<\/p>\n","protected":false},"author":1,"featured_media":0,"parent":0,"menu_order":0,"comment_status":"closed","ping_status":"closed","template":"","meta":{"footnotes":""},"class_list":["post-306","page","type-page","status-publish","hentry"],"_links":{"self":[{"href":"https:\/\/ltmidas.com\/home\/wp-json\/wp\/v2\/pages\/306","targetHints":{"allow":["GET"]}}],"collection":[{"href":"https:\/\/ltmidas.com\/home\/wp-json\/wp\/v2\/pages"}],"about":[{"href":"https:\/\/ltmidas.com\/home\/wp-json\/wp\/v2\/types\/page"}],"author":[{"embeddable":true,"href":"https:\/\/ltmidas.com\/home\/wp-json\/wp\/v2\/users\/1"}],"replies":[{"embeddable":true,"href":"https:\/\/ltmidas.com\/home\/wp-json\/wp\/v2\/comments?post=306"}],"version-history":[{"count":7,"href":"https:\/\/ltmidas.com\/home\/wp-json\/wp\/v2\/pages\/306\/revisions"}],"predecessor-version":[{"id":321,"href":"https:\/\/ltmidas.com\/home\/wp-json\/wp\/v2\/pages\/306\/revisions\/321"}],"wp:attachment":[{"href":"https:\/\/ltmidas.com\/home\/wp-json\/wp\/v2\/media?parent=306"}],"curies":[{"name":"wp","href":"https:\/\/api.w.org\/{rel}","templated":true}]}}