{"id":42,"date":"2024-10-16T06:26:57","date_gmt":"2024-10-16T06:26:57","guid":{"rendered":"https:\/\/ltmidas.com\/?page_id=42"},"modified":"2024-10-28T04:35:06","modified_gmt":"2024-10-28T04:35:06","slug":"acerca-de-mi-vision","status":"publish","type":"page","link":"https:\/\/ltmidas.com\/home\/acerca-de-mi-vision\/","title":{"rendered":"Acerca de mi"},"content":{"rendered":"\n<div class=\"wp-block-cover\" style=\"min-height:212px;aspect-ratio:unset;\"><span aria-hidden=\"true\" class=\"wp-block-cover__background has-vivid-cyan-blue-background-color has-background-dim-20 has-background-dim\"><\/span><img loading=\"lazy\" decoding=\"async\" width=\"1022\" height=\"1024\" class=\"wp-block-cover__image-background wp-image-80\" alt=\"Mi visi\u00f3n creativa intenta llevar tu proyecto al siguiente nivel\" src=\"https:\/\/ltmidas.com\/wp-content\/uploads\/2024\/10\/lt-console-1022x1024.png\" style=\"object-position:50% 11%\" data-object-fit=\"cover\" data-object-position=\"50% 11%\" srcset=\"https:\/\/ltmidas.com\/wp-content\/uploads\/2024\/10\/lt-console-1022x1024.png 1022w, https:\/\/ltmidas.com\/wp-content\/uploads\/2024\/10\/lt-console-324x324.png 324w, https:\/\/ltmidas.com\/wp-content\/uploads\/2024\/10\/lt-console-100x100.png 100w, https:\/\/ltmidas.com\/wp-content\/uploads\/2024\/10\/lt-console-416x417.png 416w, https:\/\/ltmidas.com\/wp-content\/uploads\/2024\/10\/lt-console-300x300.png 300w, https:\/\/ltmidas.com\/wp-content\/uploads\/2024\/10\/lt-console-150x150.png 150w, https:\/\/ltmidas.com\/wp-content\/uploads\/2024\/10\/lt-console-768x770.png 768w, https:\/\/ltmidas.com\/wp-content\/uploads\/2024\/10\/lt-console.png 1268w\" sizes=\"auto, (max-width: 1022px) 100vw, 1022px\" \/><div class=\"wp-block-cover__inner-container is-layout-flow wp-block-cover-is-layout-flow\">\n<p class=\"has-text-align-center has-large-font-size\">&#8220;<em>Acerca de mi<\/em> <em>visi\u00f3n<\/em>&#8220;<\/p>\n<\/div><\/div>\n\n\n\n<p><em>Soy Luis Thomas, productor de m\u00fasica y video con una visi\u00f3n art\u00edstica \u00fanica y m\u00e1s de 30 a\u00f1os de experiencia. En cada proyecto, aporto una mezcla de humor, creatividad y eficiencia, asegurando un ambiente de colaboraci\u00f3n donde las mejores ideas emergen. Mi objetivo es ayudarte a encontrar tu voz aut\u00e9ntica y crear algo realmente distintivo. Descubre m\u00e1s sobre mi enfoque.<\/em><\/p>\n\n\n\n<p class=\"has-large-font-size\"><strong>Mi Experiencia Va M\u00e1s All\u00e1 de la T\u00e9cnica<\/strong><\/p>\n\n\n\n<p>Mi camino en la m\u00fasica no se queda solo en saber c\u00f3mo grabar o producir.&nbsp;Por supuesto, la t\u00e9cnica es importante, pero hay mucho m\u00e1s detr\u00e1s.&nbsp;De hecho, he aprendido que lo que realmente importa es c\u00f3mo logramos que la m\u00fasica toque las emociones y llegue a la gente adecuada. Desde la composici\u00f3n de una canci\u00f3n hasta los arreglos,&nbsp;todo gira en torno&nbsp;a transmitir lo que sentimos y conectar con la audiencia correcta.<\/p>\n\n\n\n<p class=\"has-large-font-size\"><strong>La Conexi\u00f3n Emocional es Clave<\/strong><\/p>\n\n\n\n<p>Con el tiempo, he desarrollado la habilidad de escuchar a las personas, entenderlas y conectar con ellas. Esto es clave, no solo en la m\u00fasica, sino en cualquier forma de arte. Esa capacidad de conectar, aunque no siempre se puede ense\u00f1ar en una clase,&nbsp;sin embargo, se puede guiar. Ah\u00ed es donde entra el coaching adecuado, ayudando a los artistas a descubrir c\u00f3mo transmitir lo que sienten y compartirlo con el mundo.<\/p>\n\n\n\n<p class=\"has-large-font-size\"><strong>El Coaching: Mucho M\u00e1s que T\u00e9cnica<\/strong><\/p>\n\n\n\n<p class=\"has-medium-font-size\">El coaching no se trata solo de mejorar c\u00f3mo tocas o cantas,&nbsp;m\u00e1s bien, va mucho m\u00e1s all\u00e1. Se trata de descubrir qui\u00e9n eres como artista, de encontrar tu estilo propio y de aprender a compartirlo de forma aut\u00e9ntica. Esta mezcla de conocimientos t\u00e9cnicos y conexi\u00f3n emocional es lo que realmente marca la diferencia y ayuda a los artistas a crecer y llegar a nuevos niveles en su carrera.<\/p>\n\n\n\n<p>Hemos creado un <a href=\"http:\/\/go.hotmart.com\/P94220891F\" target=\"_blank\" rel=\"noopener\" title=\"\">curso pr\u00e1ctico<\/a> con el que puedes iniciarte en el mundo de las grabaciones de temas musicales.<\/p>\n\n\n<div class=\"wp-block-image\">\n<figure class=\"aligncenter size-large\"><a href=\" go.hotmart.com\/P94220891F\" target=\"_blank\" rel=\"noreferrer noopener\"><img loading=\"lazy\" decoding=\"async\" width=\"1024\" height=\"1024\" src=\"https:\/\/ltmidas.com\/wp-content\/uploads\/2024\/10\/Portada-de-Curso-1x1-1-1024x1024.png\" alt=\"Portada de mi curso &quot;Como iniciarme en la grabaci\u00f3n de temas musicales&quot; que he creado para personas que est\u00e1n interesadas en crecer en sus conocimientos de producci\u00f3n musical\" class=\"wp-image-99\" srcset=\"https:\/\/ltmidas.com\/wp-content\/uploads\/2024\/10\/Portada-de-Curso-1x1-1-1024x1024.png 1024w, https:\/\/ltmidas.com\/wp-content\/uploads\/2024\/10\/Portada-de-Curso-1x1-1-324x324.png 324w, https:\/\/ltmidas.com\/wp-content\/uploads\/2024\/10\/Portada-de-Curso-1x1-1-100x100.png 100w, https:\/\/ltmidas.com\/wp-content\/uploads\/2024\/10\/Portada-de-Curso-1x1-1-416x416.png 416w, https:\/\/ltmidas.com\/wp-content\/uploads\/2024\/10\/Portada-de-Curso-1x1-1-300x300.png 300w, https:\/\/ltmidas.com\/wp-content\/uploads\/2024\/10\/Portada-de-Curso-1x1-1-150x150.png 150w, https:\/\/ltmidas.com\/wp-content\/uploads\/2024\/10\/Portada-de-Curso-1x1-1-768x768.png 768w, https:\/\/ltmidas.com\/wp-content\/uploads\/2024\/10\/Portada-de-Curso-1x1-1-1536x1536.png 1536w, https:\/\/ltmidas.com\/wp-content\/uploads\/2024\/10\/Portada-de-Curso-1x1-1-2048x2048.png 2048w\" sizes=\"auto, (max-width: 1024px) 100vw, 1024px\" \/><\/a><\/figure>\n<\/div>\n\n\n<p><a href=\"http:\/\/go.hotmart.com\/P94220891F\" target=\"_blank\" rel=\"noopener\" title=\"\">Mira nuestra oferta<\/a><\/p>\n\n\n\n<p><\/p>\n","protected":false},"excerpt":{"rendered":"<p>Soy Luis Thomas, productor de m\u00fasica y video con una visi\u00f3n art\u00edstica \u00fanica y m\u00e1s de 30 a\u00f1os de experiencia. En cada proyecto, aporto una mezcla de humor, creatividad y eficiencia, asegurando un ambiente de colaboraci\u00f3n donde las mejores ideas emergen. Mi objetivo es ayudarte a encontrar tu voz aut\u00e9ntica y crear algo realmente distintivo. [&hellip;]<\/p>\n","protected":false},"author":2,"featured_media":0,"parent":0,"menu_order":0,"comment_status":"closed","ping_status":"closed","template":"","meta":{"footnotes":""},"class_list":["post-42","page","type-page","status-publish","hentry"],"_links":{"self":[{"href":"https:\/\/ltmidas.com\/home\/wp-json\/wp\/v2\/pages\/42","targetHints":{"allow":["GET"]}}],"collection":[{"href":"https:\/\/ltmidas.com\/home\/wp-json\/wp\/v2\/pages"}],"about":[{"href":"https:\/\/ltmidas.com\/home\/wp-json\/wp\/v2\/types\/page"}],"author":[{"embeddable":true,"href":"https:\/\/ltmidas.com\/home\/wp-json\/wp\/v2\/users\/2"}],"replies":[{"embeddable":true,"href":"https:\/\/ltmidas.com\/home\/wp-json\/wp\/v2\/comments?post=42"}],"version-history":[{"count":14,"href":"https:\/\/ltmidas.com\/home\/wp-json\/wp\/v2\/pages\/42\/revisions"}],"predecessor-version":[{"id":278,"href":"https:\/\/ltmidas.com\/home\/wp-json\/wp\/v2\/pages\/42\/revisions\/278"}],"wp:attachment":[{"href":"https:\/\/ltmidas.com\/home\/wp-json\/wp\/v2\/media?parent=42"}],"curies":[{"name":"wp","href":"https:\/\/api.w.org\/{rel}","templated":true}]}}