{"id":55,"date":"2024-10-17T19:11:08","date_gmt":"2024-10-17T19:11:08","guid":{"rendered":"https:\/\/ltmidas.com\/?page_id=55"},"modified":"2025-02-04T10:12:50","modified_gmt":"2025-02-04T15:12:50","slug":"inicio","status":"publish","type":"page","link":"https:\/\/ltmidas.com\/home\/","title":{"rendered":"Home"},"content":{"rendered":"\n<div class=\"wp-block-cover alignfull has-large-font-size\"><span aria-hidden=\"true\" class=\"wp-block-cover__background has-vivid-cyan-blue-background-color has-background-dim-30 has-background-dim\"><\/span><img loading=\"lazy\" decoding=\"async\" width=\"1076\" height=\"308\" class=\"wp-block-cover__image-background wp-image-48\" alt=\"\" src=\"https:\/\/ltmidas.com\/wp-content\/uploads\/2024\/10\/cropped-LT-BYN.png\" style=\"object-position:0% 66%\" data-object-fit=\"cover\" data-object-position=\"0% 66%\" srcset=\"https:\/\/ltmidas.com\/wp-content\/uploads\/2024\/10\/cropped-LT-BYN.png 1076w, https:\/\/ltmidas.com\/wp-content\/uploads\/2024\/10\/cropped-LT-BYN-416x119.png 416w, https:\/\/ltmidas.com\/wp-content\/uploads\/2024\/10\/cropped-LT-BYN-300x86.png 300w, https:\/\/ltmidas.com\/wp-content\/uploads\/2024\/10\/cropped-LT-BYN-1024x293.png 1024w, https:\/\/ltmidas.com\/wp-content\/uploads\/2024\/10\/cropped-LT-BYN-768x220.png 768w\" sizes=\"auto, (max-width: 1076px) 100vw, 1076px\" \/><div class=\"wp-block-cover__inner-container is-layout-constrained wp-block-cover-is-layout-constrained\">\n<p class=\"has-text-align-left has-large-font-size\">&#8220;<em>Mi visi\u00f3n art\u00edstica \u00fanica en la producci\u00f3n de m\u00fasica y video transforma ideas en experiencias inolvidables<\/em>&#8220;<\/p>\n<\/div><\/div>\n\n\n\n<p><\/p>\n\n\n\n<p class=\"has-medium-font-size\">Bienvenido a <em>LT Midas<\/em>, donde la creatividad, el humor y la eficiencia convergen para dar vida a tus proyectos de m\u00fasica y video.<br><br>Aqu\u00ed, las ideas fluyen sin presi\u00f3n, y cada colaboraci\u00f3n se convierte en una experiencia divertida y \u00fanica. Ya seas un artista o una empresa, \u00a1explora c\u00f3mo podemos hacer magia juntos! \u00a1Comienza tu viaje creativo hoy!<br><\/p>\n\n\n\n<p class=\"has-medium-font-size\">Estas son nuestras marcas<\/p>\n\n\n\n<figure class=\"wp-block-gallery has-nested-images columns-default is-cropped wp-block-gallery-1 is-layout-flex wp-block-gallery-is-layout-flex\">\n<figure class=\"wp-block-image size-large\"><img loading=\"lazy\" decoding=\"async\" width=\"1024\" height=\"1024\" data-id=\"310\" src=\"https:\/\/ltmidas.com\/wp-content\/uploads\/2025\/02\/Yare-Foto-y-Logo-1024x1024.png\" alt=\"\" class=\"wp-image-310\" srcset=\"https:\/\/ltmidas.com\/wp-content\/uploads\/2025\/02\/Yare-Foto-y-Logo-1024x1024.png 1024w, https:\/\/ltmidas.com\/wp-content\/uploads\/2025\/02\/Yare-Foto-y-Logo-300x300.png 300w, https:\/\/ltmidas.com\/wp-content\/uploads\/2025\/02\/Yare-Foto-y-Logo-150x150.png 150w, https:\/\/ltmidas.com\/wp-content\/uploads\/2025\/02\/Yare-Foto-y-Logo-768x768.png 768w, https:\/\/ltmidas.com\/wp-content\/uploads\/2025\/02\/Yare-Foto-y-Logo-1536x1536.png 1536w, https:\/\/ltmidas.com\/wp-content\/uploads\/2025\/02\/Yare-Foto-y-Logo-2048x2048.png 2048w, https:\/\/ltmidas.com\/wp-content\/uploads\/2025\/02\/Yare-Foto-y-Logo-324x324.png 324w, https:\/\/ltmidas.com\/wp-content\/uploads\/2025\/02\/Yare-Foto-y-Logo-416x416.png 416w, https:\/\/ltmidas.com\/wp-content\/uploads\/2025\/02\/Yare-Foto-y-Logo-100x100.png 100w\" sizes=\"auto, (max-width: 1024px) 100vw, 1024px\" \/><figcaption class=\"wp-element-caption\">Orquesta Yar\u00e9<\/figcaption><\/figure>\n\n\n\n<figure class=\"wp-block-image size-large\"><img loading=\"lazy\" decoding=\"async\" width=\"1024\" height=\"1024\" data-id=\"308\" src=\"https:\/\/ltmidas.com\/wp-content\/uploads\/2025\/02\/01-01-2025-6TETO-LATINO-COMP-1024x1024.jpg\" alt=\"Sexteto Latino\" class=\"wp-image-308\" srcset=\"https:\/\/ltmidas.com\/wp-content\/uploads\/2025\/02\/01-01-2025-6TETO-LATINO-COMP-1024x1024.jpg 1024w, https:\/\/ltmidas.com\/wp-content\/uploads\/2025\/02\/01-01-2025-6TETO-LATINO-COMP-300x300.jpg 300w, https:\/\/ltmidas.com\/wp-content\/uploads\/2025\/02\/01-01-2025-6TETO-LATINO-COMP-150x150.jpg 150w, https:\/\/ltmidas.com\/wp-content\/uploads\/2025\/02\/01-01-2025-6TETO-LATINO-COMP-768x768.jpg 768w, https:\/\/ltmidas.com\/wp-content\/uploads\/2025\/02\/01-01-2025-6TETO-LATINO-COMP-1536x1536.jpg 1536w, https:\/\/ltmidas.com\/wp-content\/uploads\/2025\/02\/01-01-2025-6TETO-LATINO-COMP-324x324.jpg 324w, https:\/\/ltmidas.com\/wp-content\/uploads\/2025\/02\/01-01-2025-6TETO-LATINO-COMP-416x416.jpg 416w, https:\/\/ltmidas.com\/wp-content\/uploads\/2025\/02\/01-01-2025-6TETO-LATINO-COMP-100x100.jpg 100w, https:\/\/ltmidas.com\/wp-content\/uploads\/2025\/02\/01-01-2025-6TETO-LATINO-COMP.jpg 1920w\" sizes=\"auto, (max-width: 1024px) 100vw, 1024px\" \/><figcaption class=\"wp-element-caption\">M\u00fasica eEl Sexteto Latinon Vivo<\/figcaption><\/figure>\n\n\n\n<figure class=\"wp-block-image size-large\"><img loading=\"lazy\" decoding=\"async\" width=\"1024\" height=\"1024\" data-id=\"307\" src=\"https:\/\/ltmidas.com\/wp-content\/uploads\/2025\/02\/Ensamble-Latino-logo.jpeg\" alt=\"\" class=\"wp-image-307\" srcset=\"https:\/\/ltmidas.com\/wp-content\/uploads\/2025\/02\/Ensamble-Latino-logo.jpeg 1024w, https:\/\/ltmidas.com\/wp-content\/uploads\/2025\/02\/Ensamble-Latino-logo-300x300.jpeg 300w, https:\/\/ltmidas.com\/wp-content\/uploads\/2025\/02\/Ensamble-Latino-logo-150x150.jpeg 150w, https:\/\/ltmidas.com\/wp-content\/uploads\/2025\/02\/Ensamble-Latino-logo-768x768.jpeg 768w, https:\/\/ltmidas.com\/wp-content\/uploads\/2025\/02\/Ensamble-Latino-logo-324x324.jpeg 324w, https:\/\/ltmidas.com\/wp-content\/uploads\/2025\/02\/Ensamble-Latino-logo-416x416.jpeg 416w, https:\/\/ltmidas.com\/wp-content\/uploads\/2025\/02\/Ensamble-Latino-logo-100x100.jpeg 100w\" sizes=\"auto, (max-width: 1024px) 100vw, 1024px\" \/><figcaption class=\"wp-element-caption\">Ensamble Latino<\/figcaption><\/figure>\n\n\n\n<figure class=\"wp-block-image size-large\"><img loading=\"lazy\" decoding=\"async\" width=\"1024\" height=\"576\" data-id=\"324\" src=\"https:\/\/ltmidas.com\/wp-content\/uploads\/2025\/02\/AQSMO-small-1024x576.jpg\" alt=\"\" class=\"wp-image-324\" srcset=\"https:\/\/ltmidas.com\/wp-content\/uploads\/2025\/02\/AQSMO-small-1024x576.jpg 1024w, https:\/\/ltmidas.com\/wp-content\/uploads\/2025\/02\/AQSMO-small-300x169.jpg 300w, https:\/\/ltmidas.com\/wp-content\/uploads\/2025\/02\/AQSMO-small-768x432.jpg 768w, https:\/\/ltmidas.com\/wp-content\/uploads\/2025\/02\/AQSMO-small-416x234.jpg 416w, https:\/\/ltmidas.com\/wp-content\/uploads\/2025\/02\/AQSMO-small.jpg 1400w\" sizes=\"auto, (max-width: 1024px) 100vw, 1024px\" \/><figcaption class=\"wp-element-caption\">Antes que se me olvide&#8230;<\/figcaption><\/figure>\n\n\n\n<figure class=\"wp-block-image size-large\"><img loading=\"lazy\" decoding=\"async\" width=\"1024\" height=\"1024\" data-id=\"325\" src=\"https:\/\/ltmidas.com\/wp-content\/uploads\/2025\/02\/El-Porkcast-small-1024x1024.png\" alt=\"\" class=\"wp-image-325\" srcset=\"https:\/\/ltmidas.com\/wp-content\/uploads\/2025\/02\/El-Porkcast-small-1024x1024.png 1024w, https:\/\/ltmidas.com\/wp-content\/uploads\/2025\/02\/El-Porkcast-small-300x300.png 300w, https:\/\/ltmidas.com\/wp-content\/uploads\/2025\/02\/El-Porkcast-small-150x150.png 150w, https:\/\/ltmidas.com\/wp-content\/uploads\/2025\/02\/El-Porkcast-small-768x769.png 768w, https:\/\/ltmidas.com\/wp-content\/uploads\/2025\/02\/El-Porkcast-small-324x324.png 324w, https:\/\/ltmidas.com\/wp-content\/uploads\/2025\/02\/El-Porkcast-small-416x416.png 416w, https:\/\/ltmidas.com\/wp-content\/uploads\/2025\/02\/El-Porkcast-small-100x100.png 100w, https:\/\/ltmidas.com\/wp-content\/uploads\/2025\/02\/El-Porkcast-small.png 1511w\" sizes=\"auto, (max-width: 1024px) 100vw, 1024px\" \/><figcaption class=\"wp-element-caption\">El PorkCast PTY<\/figcaption><\/figure>\n<\/figure>\n","protected":false},"excerpt":{"rendered":"<p>Bienvenido a LT Midas, donde la creatividad, el humor y la eficiencia convergen para dar vida a tus proyectos de m\u00fasica y video. Aqu\u00ed, las ideas fluyen sin presi\u00f3n, y cada colaboraci\u00f3n se convierte en una experiencia divertida y \u00fanica. Ya seas un artista o una empresa, \u00a1explora c\u00f3mo podemos hacer magia juntos! \u00a1Comienza tu [&hellip;]<\/p>\n","protected":false},"author":1,"featured_media":0,"parent":0,"menu_order":0,"comment_status":"closed","ping_status":"closed","template":"template-homepage.php","meta":{"footnotes":""},"class_list":["post-55","page","type-page","status-publish","hentry"],"_links":{"self":[{"href":"https:\/\/ltmidas.com\/home\/wp-json\/wp\/v2\/pages\/55","targetHints":{"allow":["GET"]}}],"collection":[{"href":"https:\/\/ltmidas.com\/home\/wp-json\/wp\/v2\/pages"}],"about":[{"href":"https:\/\/ltmidas.com\/home\/wp-json\/wp\/v2\/types\/page"}],"author":[{"embeddable":true,"href":"https:\/\/ltmidas.com\/home\/wp-json\/wp\/v2\/users\/1"}],"replies":[{"embeddable":true,"href":"https:\/\/ltmidas.com\/home\/wp-json\/wp\/v2\/comments?post=55"}],"version-history":[{"count":19,"href":"https:\/\/ltmidas.com\/home\/wp-json\/wp\/v2\/pages\/55\/revisions"}],"predecessor-version":[{"id":328,"href":"https:\/\/ltmidas.com\/home\/wp-json\/wp\/v2\/pages\/55\/revisions\/328"}],"wp:attachment":[{"href":"https:\/\/ltmidas.com\/home\/wp-json\/wp\/v2\/media?parent=55"}],"curies":[{"name":"wp","href":"https:\/\/api.w.org\/{rel}","templated":true}]}}