{"id":92,"date":"2024-10-18T03:47:06","date_gmt":"2024-10-18T03:47:06","guid":{"rendered":"https:\/\/ltmidas.com\/home\/?page_id=92"},"modified":"2024-10-28T04:41:24","modified_gmt":"2024-10-28T04:41:24","slug":"servicios","status":"publish","type":"page","link":"https:\/\/ltmidas.com\/home\/servicios\/","title":{"rendered":"Servicios"},"content":{"rendered":"\n<p>Ofrecemos una amplia gama de servicios personalizados en producci\u00f3n musical, video y contenido audiovisual. Ya sea que necesites grabaci\u00f3n, edici\u00f3n o producci\u00f3n completa, mi enfoque pr\u00e1ctico garantiza resultados excepcionales. Cada proyecto se adapta a tus necesidades espec\u00edficas, optimizando calidad y eficiencia. \u00a1Conoce mis servicios aqu\u00ed!<\/p>\n\n\n\n<div class=\"wp-block-columns is-layout-flex wp-container-core-columns-is-layout-28f84493 wp-block-columns-is-layout-flex\">\n<div class=\"wp-block-column is-layout-flow wp-block-column-is-layout-flow\">\n<p class=\"has-text-align-center\">Grabaci\u00f3n<\/p>\n\n\n<div class=\"wp-block-image\">\n<figure class=\"aligncenter size-full is-resized\"><img loading=\"lazy\" decoding=\"async\" width=\"1024\" height=\"1024\" src=\"https:\/\/ltmidas.com\/wp-content\/uploads\/2024\/10\/Grabacion.jpg\" alt=\"\" class=\"wp-image-91\" style=\"object-fit:cover;width:215px;height:auto\" srcset=\"https:\/\/ltmidas.com\/wp-content\/uploads\/2024\/10\/Grabacion.jpg 1024w, https:\/\/ltmidas.com\/wp-content\/uploads\/2024\/10\/Grabacion-324x324.jpg 324w, https:\/\/ltmidas.com\/wp-content\/uploads\/2024\/10\/Grabacion-100x100.jpg 100w, https:\/\/ltmidas.com\/wp-content\/uploads\/2024\/10\/Grabacion-416x416.jpg 416w, https:\/\/ltmidas.com\/wp-content\/uploads\/2024\/10\/Grabacion-300x300.jpg 300w, https:\/\/ltmidas.com\/wp-content\/uploads\/2024\/10\/Grabacion-150x150.jpg 150w, https:\/\/ltmidas.com\/wp-content\/uploads\/2024\/10\/Grabacion-768x768.jpg 768w\" sizes=\"auto, (max-width: 1024px) 100vw, 1024px\" \/><\/figure>\n<\/div><\/div>\n\n\n\n<div class=\"wp-block-column is-layout-flow wp-block-column-is-layout-flow\">\n<p class=\"has-text-align-center\">Edici\u00f3n de audio<\/p>\n\n\n\n<figure class=\"wp-block-image size-full is-resized\"><img loading=\"lazy\" decoding=\"async\" width=\"1024\" height=\"1024\" src=\"https:\/\/ltmidas.com\/wp-content\/uploads\/2024\/10\/Edicion.jpg\" alt=\"\" class=\"wp-image-90\" style=\"object-fit:cover;width:215px;height:215px\" srcset=\"https:\/\/ltmidas.com\/wp-content\/uploads\/2024\/10\/Edicion.jpg 1024w, https:\/\/ltmidas.com\/wp-content\/uploads\/2024\/10\/Edicion-324x324.jpg 324w, https:\/\/ltmidas.com\/wp-content\/uploads\/2024\/10\/Edicion-100x100.jpg 100w, https:\/\/ltmidas.com\/wp-content\/uploads\/2024\/10\/Edicion-416x416.jpg 416w, https:\/\/ltmidas.com\/wp-content\/uploads\/2024\/10\/Edicion-300x300.jpg 300w, https:\/\/ltmidas.com\/wp-content\/uploads\/2024\/10\/Edicion-150x150.jpg 150w, https:\/\/ltmidas.com\/wp-content\/uploads\/2024\/10\/Edicion-768x768.jpg 768w\" sizes=\"auto, (max-width: 1024px) 100vw, 1024px\" \/><\/figure>\n<\/div>\n\n\n\n<div class=\"wp-block-column is-layout-flow wp-block-column-is-layout-flow\">\n<p class=\"has-text-align-center\">Mezcla y masterizaci\u00f3n<\/p>\n\n\n\n<figure class=\"wp-block-image size-full is-resized\"><img loading=\"lazy\" decoding=\"async\" width=\"1024\" height=\"1024\" src=\"https:\/\/ltmidas.com\/wp-content\/uploads\/2024\/10\/Mezcla.jpg\" alt=\"\" class=\"wp-image-87\" style=\"object-fit:cover;width:215px;height:215px\" srcset=\"https:\/\/ltmidas.com\/wp-content\/uploads\/2024\/10\/Mezcla.jpg 1024w, https:\/\/ltmidas.com\/wp-content\/uploads\/2024\/10\/Mezcla-324x324.jpg 324w, https:\/\/ltmidas.com\/wp-content\/uploads\/2024\/10\/Mezcla-100x100.jpg 100w, https:\/\/ltmidas.com\/wp-content\/uploads\/2024\/10\/Mezcla-416x416.jpg 416w, https:\/\/ltmidas.com\/wp-content\/uploads\/2024\/10\/Mezcla-300x300.jpg 300w, https:\/\/ltmidas.com\/wp-content\/uploads\/2024\/10\/Mezcla-150x150.jpg 150w, https:\/\/ltmidas.com\/wp-content\/uploads\/2024\/10\/Mezcla-768x768.jpg 768w\" sizes=\"auto, (max-width: 1024px) 100vw, 1024px\" \/><\/figure>\n<\/div>\n<\/div>\n\n\n\n<div class=\"wp-block-columns is-layout-flex wp-container-core-columns-is-layout-28f84493 wp-block-columns-is-layout-flex\">\n<div class=\"wp-block-column is-layout-flow wp-block-column-is-layout-flow\">\n<p class=\"has-text-align-center\">Microfonizaci\u00f3n<\/p>\n\n\n\n<figure class=\"wp-block-image size-full is-resized\"><img loading=\"lazy\" decoding=\"async\" width=\"1024\" height=\"1024\" src=\"https:\/\/ltmidas.com\/wp-content\/uploads\/2024\/10\/Microfonizacion.jpg\" alt=\"\" class=\"wp-image-88\" style=\"object-fit:cover;width:215px;height:215px\" srcset=\"https:\/\/ltmidas.com\/wp-content\/uploads\/2024\/10\/Microfonizacion.jpg 1024w, https:\/\/ltmidas.com\/wp-content\/uploads\/2024\/10\/Microfonizacion-324x324.jpg 324w, https:\/\/ltmidas.com\/wp-content\/uploads\/2024\/10\/Microfonizacion-100x100.jpg 100w, https:\/\/ltmidas.com\/wp-content\/uploads\/2024\/10\/Microfonizacion-416x416.jpg 416w, https:\/\/ltmidas.com\/wp-content\/uploads\/2024\/10\/Microfonizacion-300x300.jpg 300w, https:\/\/ltmidas.com\/wp-content\/uploads\/2024\/10\/Microfonizacion-150x150.jpg 150w, https:\/\/ltmidas.com\/wp-content\/uploads\/2024\/10\/Microfonizacion-768x768.jpg 768w\" sizes=\"auto, (max-width: 1024px) 100vw, 1024px\" \/><\/figure>\n<\/div>\n\n\n\n<div class=\"wp-block-column is-layout-flow wp-block-column-is-layout-flow\">\n<p class=\"has-text-align-center\">Afinaci\u00f3n<\/p>\n\n\n\n<figure class=\"wp-block-image size-full is-resized\"><img loading=\"lazy\" decoding=\"async\" width=\"1024\" height=\"1024\" src=\"https:\/\/ltmidas.com\/wp-content\/uploads\/2024\/10\/Afinacion.jpg\" alt=\"\" class=\"wp-image-89\" style=\"object-fit:cover;width:215px;height:215px\" srcset=\"https:\/\/ltmidas.com\/wp-content\/uploads\/2024\/10\/Afinacion.jpg 1024w, https:\/\/ltmidas.com\/wp-content\/uploads\/2024\/10\/Afinacion-324x324.jpg 324w, https:\/\/ltmidas.com\/wp-content\/uploads\/2024\/10\/Afinacion-100x100.jpg 100w, https:\/\/ltmidas.com\/wp-content\/uploads\/2024\/10\/Afinacion-416x416.jpg 416w, https:\/\/ltmidas.com\/wp-content\/uploads\/2024\/10\/Afinacion-300x300.jpg 300w, https:\/\/ltmidas.com\/wp-content\/uploads\/2024\/10\/Afinacion-150x150.jpg 150w, https:\/\/ltmidas.com\/wp-content\/uploads\/2024\/10\/Afinacion-768x768.jpg 768w\" sizes=\"auto, (max-width: 1024px) 100vw, 1024px\" \/><\/figure>\n<\/div>\n\n\n\n<div class=\"wp-block-column is-layout-flow wp-block-column-is-layout-flow\">\n<p class=\"has-text-align-center\">Restauraci\u00f3n de audio<\/p>\n\n\n\n<figure class=\"wp-block-image size-full is-resized\"><img loading=\"lazy\" decoding=\"async\" width=\"1024\" height=\"1024\" src=\"https:\/\/ltmidas.com\/wp-content\/uploads\/2024\/10\/Restauracion-de-audio.jpg\" alt=\"\" class=\"wp-image-94\" style=\"object-fit:cover;width:215px;height:215px\" srcset=\"https:\/\/ltmidas.com\/wp-content\/uploads\/2024\/10\/Restauracion-de-audio.jpg 1024w, https:\/\/ltmidas.com\/wp-content\/uploads\/2024\/10\/Restauracion-de-audio-324x324.jpg 324w, https:\/\/ltmidas.com\/wp-content\/uploads\/2024\/10\/Restauracion-de-audio-100x100.jpg 100w, https:\/\/ltmidas.com\/wp-content\/uploads\/2024\/10\/Restauracion-de-audio-416x416.jpg 416w, https:\/\/ltmidas.com\/wp-content\/uploads\/2024\/10\/Restauracion-de-audio-300x300.jpg 300w, https:\/\/ltmidas.com\/wp-content\/uploads\/2024\/10\/Restauracion-de-audio-150x150.jpg 150w, https:\/\/ltmidas.com\/wp-content\/uploads\/2024\/10\/Restauracion-de-audio-768x768.jpg 768w\" sizes=\"auto, (max-width: 1024px) 100vw, 1024px\" \/><\/figure>\n<\/div>\n<\/div>\n\n\n\n<div class=\"wp-block-columns is-layout-flex wp-container-core-columns-is-layout-28f84493 wp-block-columns-is-layout-flex\">\n<div class=\"wp-block-column is-layout-flow wp-block-column-is-layout-flow\">\n<p class=\"has-text-align-center\">Filmaci\u00f3n<\/p>\n\n\n\n<figure class=\"wp-block-image size-full is-resized\"><img loading=\"lazy\" decoding=\"async\" width=\"1024\" height=\"1024\" src=\"https:\/\/ltmidas.com\/wp-content\/uploads\/2024\/10\/un-director-de-tez-morena-dirigiendo-un-rodaje-al-aire-libre-con-un-equipo-de-camarografos-y-actores.jpg\" alt=\"\" class=\"wp-image-85\" style=\"object-fit:cover;width:215px;height:215px\" srcset=\"https:\/\/ltmidas.com\/wp-content\/uploads\/2024\/10\/un-director-de-tez-morena-dirigiendo-un-rodaje-al-aire-libre-con-un-equipo-de-camarografos-y-actores.jpg 1024w, https:\/\/ltmidas.com\/wp-content\/uploads\/2024\/10\/un-director-de-tez-morena-dirigiendo-un-rodaje-al-aire-libre-con-un-equipo-de-camarografos-y-actores-324x324.jpg 324w, https:\/\/ltmidas.com\/wp-content\/uploads\/2024\/10\/un-director-de-tez-morena-dirigiendo-un-rodaje-al-aire-libre-con-un-equipo-de-camarografos-y-actores-100x100.jpg 100w, https:\/\/ltmidas.com\/wp-content\/uploads\/2024\/10\/un-director-de-tez-morena-dirigiendo-un-rodaje-al-aire-libre-con-un-equipo-de-camarografos-y-actores-416x416.jpg 416w, https:\/\/ltmidas.com\/wp-content\/uploads\/2024\/10\/un-director-de-tez-morena-dirigiendo-un-rodaje-al-aire-libre-con-un-equipo-de-camarografos-y-actores-300x300.jpg 300w, https:\/\/ltmidas.com\/wp-content\/uploads\/2024\/10\/un-director-de-tez-morena-dirigiendo-un-rodaje-al-aire-libre-con-un-equipo-de-camarografos-y-actores-150x150.jpg 150w, https:\/\/ltmidas.com\/wp-content\/uploads\/2024\/10\/un-director-de-tez-morena-dirigiendo-un-rodaje-al-aire-libre-con-un-equipo-de-camarografos-y-actores-768x768.jpg 768w\" sizes=\"auto, (max-width: 1024px) 100vw, 1024px\" \/><\/figure>\n<\/div>\n\n\n\n<div class=\"wp-block-column is-layout-flow wp-block-column-is-layout-flow\">\n<p class=\"has-text-align-center\">Edici\u00f3n de video<\/p>\n\n\n\n<figure class=\"wp-block-image size-full is-resized\"><img loading=\"lazy\" decoding=\"async\" width=\"1024\" height=\"1024\" src=\"https:\/\/ltmidas.com\/wp-content\/uploads\/2024\/10\/Masterizacion.jpg\" alt=\"\" class=\"wp-image-93\" style=\"object-fit:cover;width:215px;height:215px\" srcset=\"https:\/\/ltmidas.com\/wp-content\/uploads\/2024\/10\/Masterizacion.jpg 1024w, https:\/\/ltmidas.com\/wp-content\/uploads\/2024\/10\/Masterizacion-324x324.jpg 324w, https:\/\/ltmidas.com\/wp-content\/uploads\/2024\/10\/Masterizacion-100x100.jpg 100w, https:\/\/ltmidas.com\/wp-content\/uploads\/2024\/10\/Masterizacion-416x416.jpg 416w, https:\/\/ltmidas.com\/wp-content\/uploads\/2024\/10\/Masterizacion-300x300.jpg 300w, https:\/\/ltmidas.com\/wp-content\/uploads\/2024\/10\/Masterizacion-150x150.jpg 150w, https:\/\/ltmidas.com\/wp-content\/uploads\/2024\/10\/Masterizacion-768x768.jpg 768w\" sizes=\"auto, (max-width: 1024px) 100vw, 1024px\" \/><\/figure>\n<\/div>\n\n\n\n<div class=\"wp-block-column is-layout-flow wp-block-column-is-layout-flow\">\n<p class=\"has-text-align-center\">Post producci\u00f3n<\/p>\n\n\n\n<figure class=\"wp-block-image size-full is-resized\"><img loading=\"lazy\" decoding=\"async\" width=\"1024\" height=\"1024\" src=\"https:\/\/ltmidas.com\/wp-content\/uploads\/2024\/10\/edicion-de-video.jpg\" alt=\"\" class=\"wp-image-86\" style=\"object-fit:cover;width:215px;height:215px\" srcset=\"https:\/\/ltmidas.com\/wp-content\/uploads\/2024\/10\/edicion-de-video.jpg 1024w, https:\/\/ltmidas.com\/wp-content\/uploads\/2024\/10\/edicion-de-video-324x324.jpg 324w, https:\/\/ltmidas.com\/wp-content\/uploads\/2024\/10\/edicion-de-video-100x100.jpg 100w, https:\/\/ltmidas.com\/wp-content\/uploads\/2024\/10\/edicion-de-video-416x416.jpg 416w, https:\/\/ltmidas.com\/wp-content\/uploads\/2024\/10\/edicion-de-video-300x300.jpg 300w, https:\/\/ltmidas.com\/wp-content\/uploads\/2024\/10\/edicion-de-video-150x150.jpg 150w, https:\/\/ltmidas.com\/wp-content\/uploads\/2024\/10\/edicion-de-video-768x768.jpg 768w\" sizes=\"auto, (max-width: 1024px) 100vw, 1024px\" \/><\/figure>\n<\/div>\n<\/div>\n\n\n\n<p><\/p>\n","protected":false},"excerpt":{"rendered":"<p>Ofrecemos una amplia gama de servicios personalizados en producci\u00f3n musical, video y contenido audiovisual. Ya sea que necesites grabaci\u00f3n, edici\u00f3n o producci\u00f3n completa, mi enfoque pr\u00e1ctico garantiza resultados excepcionales. Cada proyecto se adapta a tus necesidades espec\u00edficas, optimizando calidad y eficiencia. \u00a1Conoce mis servicios aqu\u00ed! Grabaci\u00f3n Edici\u00f3n de audio Mezcla y masterizaci\u00f3n Microfonizaci\u00f3n Afinaci\u00f3n Restauraci\u00f3n [&hellip;]<\/p>\n","protected":false},"author":1,"featured_media":0,"parent":0,"menu_order":0,"comment_status":"closed","ping_status":"closed","template":"","meta":{"footnotes":""},"class_list":["post-92","page","type-page","status-publish","hentry"],"_links":{"self":[{"href":"https:\/\/ltmidas.com\/home\/wp-json\/wp\/v2\/pages\/92","targetHints":{"allow":["GET"]}}],"collection":[{"href":"https:\/\/ltmidas.com\/home\/wp-json\/wp\/v2\/pages"}],"about":[{"href":"https:\/\/ltmidas.com\/home\/wp-json\/wp\/v2\/types\/page"}],"author":[{"embeddable":true,"href":"https:\/\/ltmidas.com\/home\/wp-json\/wp\/v2\/users\/1"}],"replies":[{"embeddable":true,"href":"https:\/\/ltmidas.com\/home\/wp-json\/wp\/v2\/comments?post=92"}],"version-history":[{"count":6,"href":"https:\/\/ltmidas.com\/home\/wp-json\/wp\/v2\/pages\/92\/revisions"}],"predecessor-version":[{"id":282,"href":"https:\/\/ltmidas.com\/home\/wp-json\/wp\/v2\/pages\/92\/revisions\/282"}],"wp:attachment":[{"href":"https:\/\/ltmidas.com\/home\/wp-json\/wp\/v2\/media?parent=92"}],"curies":[{"name":"wp","href":"https:\/\/api.w.org\/{rel}","templated":true}]}}